{"id":294,"date":"2016-02-22T19:30:18","date_gmt":"2016-02-22T18:30:18","guid":{"rendered":"http:\/\/parafiabiadoliny.pl\/?page_id=294"},"modified":"2022-11-02T12:00:04","modified_gmt":"2022-11-02T11:00:04","slug":"kontakt","status":"publish","type":"page","link":"https:\/\/nspjbiadoliny.pl\/?page_id=294","title":{"rendered":"Kontakt"},"content":{"rendered":"<p style=\"text-align: center;\"><strong> Parafia pw. Naj\u015bwi\u0119tszego Serca Pana Jezusa w Biadolinach <\/strong><br \/>\nBiadoliny Rad\u0142owskie 283<br \/>\n32-828 Biadoliny<br \/>\n<strong> tel.: 14-679-15-25<\/strong><\/p>\n<p style=\"text-align: center;\"><strong>Numer konta parafialnego:<br \/>\n61 8818 0009 2001 0011 3436 0001<\/strong><\/p>\n<p style=\"text-align: center;\"><strong>691-764-129<\/strong> &#8211; <i> ks. Zbigniew Dudek (Proboszcz) <\/i><br \/>\nadres e-mail parafii: <i style=\"text-align: center;\"> biadoliny[@]diecezja.tarnow.pl<\/i><\/p>\n<p style=\"text-align: center;\"><em>Administrator danych osobowych informuje, \u017ce wszystkie dane osobowe na witrynie internetowej Parafii pw. NSPJ w Biadolinach zosta\u0142y umieszczone za zgod\u0105 os\u00f3b, kt\u00f3rych dane dotycz\u0105 lub umieszczone s\u0105 na podstawie prawa.<\/em><\/p>\n<hr>\n<p>&nbsp;<\/p>\n<p>&nbsp;<\/p>\n<p><center><br \/>\n<iframe style=\"border: 0;\" src=\"https:\/\/www.google.com\/maps\/embed?pb=!1m18!1m12!1m3!1d3032.5062835601625!2d20.75844633609572!3d49.995436054625046!2m3!1f0!2f0!3f0!3m2!1i1024!2i768!4f13.1!3m3!1m2!1s0x473d87b96d4f7cbb%3A0x3bb6a667daddff5!2sParafia+Rzymskokatolicka+pw.+Naj%C5%9Bwi%C4%99tszego+Serca+Pana+Jezusa!5e1!3m2!1spl!2spl!4v1518544912821\" width=\"600\" height=\"450\" frameborder=\"0\" allowfullscreen=\"allowfullscreen\"><\/iframe><\/center>&nbsp;<\/p>\n<p>&nbsp;<\/p>\n","protected":false},"excerpt":{"rendered":"<p>Parafia pw. Naj\u015bwi\u0119tszego Serca Pana Jezusa w Biadolinach Biadoliny Rad\u0142owskie 283 32-828 Biadoliny tel.: 14-679-15-25 Numer konta parafialnego: 61 8818 0009 2001 0011 3436 0001 691-764-129 &#8211; ks. Zbigniew Dudek (Proboszcz) adres e-mail parafii: biadoliny[@]diecezja.tarnow.pl Administrator danych osobowych informuje, \u017ce wszystkie dane osobowe na witrynie internetowej Parafii pw. NSPJ w Biadolinach zosta\u0142y umieszczone za zgod\u0105 &#8230; <span class=\"more\"><a class=\"more-link\" href=\"https:\/\/nspjbiadoliny.pl\/?page_id=294\">[Czytaj wi\u0119cej&#8230;]<\/a><\/span><\/p>\n","protected":false},"author":1,"featured_media":0,"parent":0,"menu_order":0,"comment_status":"closed","ping_status":"closed","template":"","meta":{"_exactmetrics_skip_tracking":false,"_exactmetrics_sitenote_active":false,"_exactmetrics_sitenote_note":"","_exactmetrics_sitenote_category":0,"ngg_post_thumbnail":0,"footnotes":""},"class_list":["entry","page","publish","author-admin","post-294"],"_links":{"self":[{"href":"https:\/\/nspjbiadoliny.pl\/index.php?rest_route=\/wp\/v2\/pages\/294","targetHints":{"allow":["GET"]}}],"collection":[{"href":"https:\/\/nspjbiadoliny.pl\/index.php?rest_route=\/wp\/v2\/pages"}],"about":[{"href":"https:\/\/nspjbiadoliny.pl\/index.php?rest_route=\/wp\/v2\/types\/page"}],"author":[{"embeddable":true,"href":"https:\/\/nspjbiadoliny.pl\/index.php?rest_route=\/wp\/v2\/users\/1"}],"replies":[{"embeddable":true,"href":"https:\/\/nspjbiadoliny.pl\/index.php?rest_route=%2Fwp%2Fv2%2Fcomments&post=294"}],"version-history":[{"count":5,"href":"https:\/\/nspjbiadoliny.pl\/index.php?rest_route=\/wp\/v2\/pages\/294\/revisions"}],"predecessor-version":[{"id":2775,"href":"https:\/\/nspjbiadoliny.pl\/index.php?rest_route=\/wp\/v2\/pages\/294\/revisions\/2775"}],"wp:attachment":[{"href":"https:\/\/nspjbiadoliny.pl\/index.php?rest_route=%2Fwp%2Fv2%2Fmedia&parent=294"}],"curies":[{"name":"wp","href":"https:\/\/api.w.org\/{rel}","templated":true}]}}