{"id":2331,"date":"2020-03-28T16:19:59","date_gmt":"2020-03-28T15:19:59","guid":{"rendered":"http:\/\/nspjbiadoliny.pl\/?page_id=2331"},"modified":"2020-04-04T12:29:16","modified_gmt":"2020-04-04T10:29:16","slug":"transmisje-mszy-sw-i-nabozenstw","status":"publish","type":"page","link":"https:\/\/nspjbiadoliny.pl\/?page_id=2331","title":{"rendered":"TRANSMISJE MSZY \u015aW. I NABO\u017bE\u0143STW"},"content":{"rendered":"<h2><a href=\"https:\/\/www.youtube.com\/channel\/UC2UVn96KWUsRRZK3yYaFB6A\" target=\"_blank\" rel=\"noopener noreferrer\"><img fetchpriority=\"high\" decoding=\"async\" class=\"aligncenter wp-image-2377 size-full\" src=\"http:\/\/nspjbiadoliny.pl\/wp-content\/uploads\/2020\/03\/TRANSMISJA-NA-\u017bYWO-Z-KO\u015aCIO\u0141A-PARAFIALNEGO-PW.-NSPJ-W-BIADOLINACH.png\" alt=\"NSPJ\" width=\"2000\" height=\"647\" srcset=\"https:\/\/nspjbiadoliny.pl\/wp-content\/uploads\/2020\/03\/TRANSMISJA-NA-\u017bYWO-Z-KO\u015aCIO\u0141A-PARAFIALNEGO-PW.-NSPJ-W-BIADOLINACH.png 2000w, https:\/\/nspjbiadoliny.pl\/wp-content\/uploads\/2020\/03\/TRANSMISJA-NA-\u017bYWO-Z-KO\u015aCIO\u0141A-PARAFIALNEGO-PW.-NSPJ-W-BIADOLINACH-300x97.png 300w, https:\/\/nspjbiadoliny.pl\/wp-content\/uploads\/2020\/03\/TRANSMISJA-NA-\u017bYWO-Z-KO\u015aCIO\u0141A-PARAFIALNEGO-PW.-NSPJ-W-BIADOLINACH-1024x331.png 1024w, https:\/\/nspjbiadoliny.pl\/wp-content\/uploads\/2020\/03\/TRANSMISJA-NA-\u017bYWO-Z-KO\u015aCIO\u0141A-PARAFIALNEGO-PW.-NSPJ-W-BIADOLINACH-768x248.png 768w, https:\/\/nspjbiadoliny.pl\/wp-content\/uploads\/2020\/03\/TRANSMISJA-NA-\u017bYWO-Z-KO\u015aCIO\u0141A-PARAFIALNEGO-PW.-NSPJ-W-BIADOLINACH-1536x497.png 1536w\" sizes=\"(max-width: 2000px) 100vw, 2000px\" \/><\/a><\/h2>\n<p><strong style=\"color: inherit; font-size: 1.95em;\">Sanktuarium Bo\u017cego Mi\u0142osierdzia w Krakowie-\u0141agiewnikach:<\/strong><\/p>\n<h2><iframe id=\"ls_embed_1584567309\" src=\"https:\/\/livestream.com\/accounts\/11477776\/events\/3773195\/player?width=640&amp;height=360&amp;enableInfoAndActivity=false&amp;defaultDrawer=&amp;autoPlay=false&amp;mute=false\" width=\"640\" height=\"360\" frameborder=\"0\" scrolling=\"no\" allowfullscreen=\"allowfullscreen\"> <\/iframe><\/h2>\n<p><span class=\"style-scope yt-formatted-string\" dir=\"auto\"><em><strong>Niedziele i \u015bwi\u0119ta:<\/strong><\/em><br><\/span><strong><span class=\"style-scope yt-formatted-string\" dir=\"auto\">7:00<\/span><span class=\"style-scope yt-formatted-string\" dir=\"auto\"> \u2013 Msza \u015awi\u0119ta <br><\/span><span class=\"style-scope yt-formatted-string\" dir=\"auto\">8:30<\/span><\/strong><span class=\"style-scope yt-formatted-string\" dir=\"auto\"><strong> \u2013 Msza \u015awi\u0119ta <\/strong><br><\/span><span class=\"style-scope yt-formatted-string\" dir=\"auto\">12:00<\/span><span class=\"style-scope yt-formatted-string\" dir=\"auto\"> \u2013 Wystawienie Naj\u015bwi\u0119tszego Sakramentu i adoracja do <\/span><span class=\"style-scope yt-formatted-string\" dir=\"auto\">19:00<\/span> <br><span class=\"style-scope yt-formatted-string\" dir=\"auto\">15:00<\/span><span class=\"style-scope yt-formatted-string\" dir=\"auto\"> \u2013 Modlitwa w Godzinie Mi\u0142osierdzia i Koronka do Mi\u0142osierdzia Bo\u017cego <br><\/span><strong><span class=\"style-scope yt-formatted-string\" dir=\"auto\">19:00<\/span><\/strong><span class=\"style-scope yt-formatted-string\" dir=\"auto\"><strong> \u2013 Msza \u015awi\u0119ta &nbsp;<\/strong><br><\/span><span class=\"style-scope yt-formatted-string\" dir=\"auto\">20:30<\/span><span class=\"style-scope yt-formatted-string\" dir=\"auto\"> \u2013 R\u00f3\u017caniec <\/span><span class=\"style-scope yt-formatted-string\" dir=\"auto\">21:00<\/span><span class=\"style-scope yt-formatted-string\" dir=\"auto\"> \u2013 Apel Maryjny<br><\/span><span class=\"style-scope yt-formatted-string\" dir=\"auto\"><em><strong>Dni powszednie:<\/strong><\/em><br>6.00 \u2013 Jutrznia <br><\/span><strong><span class=\"style-scope yt-formatted-string\" dir=\"auto\">7:00<\/span><\/strong><span class=\"style-scope yt-formatted-string\" dir=\"auto\"><strong> \u2013 Msza \u015awi\u0119ta <\/strong><br><\/span><span class=\"style-scope yt-formatted-string\" dir=\"auto\">8:00<\/span><span class=\"style-scope yt-formatted-string\" dir=\"auto\"> \u2013 Wystawienie Naj\u015bwi\u0119tszego Sakramentu i adoracja do <\/span><span class=\"style-scope yt-formatted-string\" dir=\"auto\">17:00<\/span> <br><span class=\"style-scope yt-formatted-string\" dir=\"auto\">15:00<\/span><span class=\"style-scope yt-formatted-string\" dir=\"auto\"> \u2013 Modlitwa w Godzinie Mi\u0142osierdzia i Koronka do Mi\u0142osierdzia Bo\u017cego <br><\/span><strong><span class=\"style-scope yt-formatted-string\" dir=\"auto\">17:00<\/span><\/strong><span class=\"style-scope yt-formatted-string\" dir=\"auto\"><strong> \u2013 Msza \u015awi\u0119ta <\/strong><br><\/span><span class=\"style-scope yt-formatted-string\" dir=\"auto\">18:40<\/span><span class=\"style-scope yt-formatted-string\" dir=\"auto\"> \u2013 Nieszpory <br><\/span><span class=\"style-scope yt-formatted-string\" dir=\"auto\">19:00<\/span><span class=\"style-scope yt-formatted-string\" dir=\"auto\"> \u2013 Nabo\u017ce\u0144stwo \u2013 Kompleta <br><\/span><span class=\"style-scope yt-formatted-string\" dir=\"auto\">20:30<\/span><span class=\"style-scope yt-formatted-string\" dir=\"auto\"> \u2013 R\u00f3\u017caniec <\/span><span class=\"style-scope yt-formatted-string\" dir=\"auto\">21:00<\/span><span class=\"style-scope yt-formatted-string\" dir=\"auto\"> \u2013 Apel Maryjny<br><\/span><\/p>\n<h2><a href=\"http:\/\/jasnagora.pl\/pl\/media\/na-zywo\/kaplica-matki-bozej\/\" target=\"_blank\" rel=\"noopener noreferrer\"><strong>Sanktuarium Matki Bo\u017cej Cz\u0119stochowskiej na Jasnej G\u00f3rze<\/strong><\/a><\/h2>\n<p><a href=\"http:\/\/jasnagora.pl\/pl\/media\/na-zywo\/kaplica-matki-bozej\/\" target=\"_blank\" rel=\"noopener noreferrer\"><em>(kliknij, aby przej\u015b\u0107 do transmisji)<\/em><\/a><\/p>\n<h2><a href=\"https:\/\/www.youtube.com\/watch?v=5yQ_pvCaQCE\" target=\"_blank\" rel=\"noopener noreferrer\"><strong>Sanktuarium Matki Bo\u017cej Liche\u0144skiej w Licheniu Starym<\/strong><\/a><\/h2>\n<p><a href=\"https:\/\/www.youtube.com\/watch?v=5yQ_pvCaQCE\" target=\"_blank\" rel=\"noopener noreferrer\"><em>(kliknij, aby przej\u015b\u0107 do transmisji)<\/em><\/a><\/p>\n<h3><strong>TRANSMISJE MSZY \u015aWI\u0118TYCH W TV I RADIU:<\/strong><\/h3>\n<p><strong>NIEDZIELA<\/strong><br>Transmisje telewizyjne:<br>\u2013 godz. 7:00 \u2013 TVP 1 (Sanktuarium Bo\u017cego Mi\u0142osierdzia w Krakowie \u2013 \u0141agiewnikach)<br>\u2013 godz. 9:00 \u2013 Polsat News&nbsp;(\u015awi\u0105tynia Opatrzno\u015bci Bo\u017cej w Warszawie)<br>\u2013 godz. 9:30 \u2013 TV Trwam (Kaplica Cudownego Obrazu na Jasnej G\u00f3rze)<br>\u2013 godz. 10:30 \u2013 Polsat Rodzina&nbsp;(\u015awi\u0105tynia Opatrzno\u015bci Bo\u017cej w Warszawie)<br>\u2013 godz. 10:55 \u2013 TVP 1&nbsp;(Jasna G\u00f3ra)<br>\u2013 godz. 13:00 \u2013 TVP Polonia<\/p>\n<p>Transmisje radiowe:<br>\u2013&nbsp;godz. 9:00 \u2013 Jedynka (Polskie Radio) \u2013 transmisja z Bazyliki pw. \u015bw. Krzy\u017ca w Warszawie<br>\u2013 godz. 9:00 \u2013 Radio Maryja \u2013 transmisja z Bazyliki pw. \u015bw. Krzy\u017ca w Warszawie<br>\u2013 godz. 19:00 \u2013 Jedynka (Polskie Radio) \u2013 transmisja z Bazyliki pw. \u015bw. Krzy\u017ca w Warszawie<\/p>\n<p><strong>DZIE\u0143 POWSZEDNI<br><\/strong>Transmisje telewizyjne:<br>\u2013 codziennie, godz. 7:00 \u2013 TVP 1 \u2013 Msza \u015awi\u0119ta celebrowana w Sanktuarium Mi\u0142osierdzia Bo\u017cego w \u0141agiewnikach<br>\u2013 codziennie, godz. 13:30 \u2013 Telewizja Trwam \u2013 Codzienna Msza \u015bw. z Kaplicy Matki Bo\u017cej na Jasnej G\u00f3rze &nbsp;<br>\u2013 codziennie, godz. 20:00 \u2013 TVP3 pasmo og\u00f3lnopolskie \u2013 Codzienna Msza \u015bw. z Kaplicy Matki Bo\u017cej na Jasnej G\u00f3rze<\/p>\n<p>Transmisje radiowe:<br>\u2013 codziennie, godz. 7:00 \u2013 Radio Maryja (Sanktuarium NMP Gwiazdy Nowej Ewangelizacji i \u015bw. Jana Paw\u0142a II w Toruniu)<\/p>\n<p style=\"text-align: center;\"><a href=\"https:\/\/youtu.be\/BKoweAT723g\" target=\"_blank\" rel=\"noopener noreferrer\"><strong>ADORACJA NAJ\u015aWI\u0118TSZEGO SAKRAMENTU NA \u017bYWO<\/strong><\/a><br><em><a href=\"https:\/\/youtu.be\/BKoweAT723g\">(Transmisja z Niepokalanowa)<\/a><br><\/em><br><a href=\"https:\/\/tv-trwam.pl\/na-zywo\" target=\"_blank\" rel=\"noopener noreferrer\"><strong>TV Trwam na \u017cywo:<\/strong><\/a><a href=\"https:\/\/tv-trwam.pl\/na-zywo\" target=\"_blank\" rel=\"noopener noreferrer\"><img decoding=\"async\" class=\"aligncenter\" src=\"https:\/\/www.radiomaryja.pl\/wp-content\/uploads\/2019\/06\/tv-trwam-na-zywo.png\" alt=\"TV Trwam na \u017cywo\" width=\"256\" height=\"203\"><\/a><\/p>\n<p style=\"text-align: center;\"><strong><a href=\"https:\/\/www.radiomaryja.pl\/live\" target=\"_blank\" rel=\"noopener noreferrer\">Radio Maryja na \u017cywo:<\/a><\/strong><a href=\"https:\/\/www.radiomaryja.pl\/live\" target=\"_blank\" rel=\"noopener noreferrer\"><img decoding=\"async\" class=\"aligncenter\" src=\"https:\/\/www.radiomaryja.pl\/wp-content\/uploads\/2018\/07\/radio-logo-705x392.jpg\" alt=\"Radio Maryja\" width=\"705\" height=\"392\"><\/a><\/p>\n\n\n<p><\/p>\n","protected":false},"excerpt":{"rendered":"<p>Sanktuarium Bo\u017cego Mi\u0142osierdzia w Krakowie-\u0141agiewnikach: Niedziele i \u015bwi\u0119ta:7:00 \u2013 Msza \u015awi\u0119ta 8:30 \u2013 Msza \u015awi\u0119ta 12:00 \u2013 Wystawienie Naj\u015bwi\u0119tszego Sakramentu i adoracja do 19:00 15:00 \u2013 Modlitwa w Godzinie Mi\u0142osierdzia i Koronka do Mi\u0142osierdzia Bo\u017cego 19:00 \u2013 Msza \u015awi\u0119ta &nbsp;20:30 \u2013 R\u00f3\u017caniec 21:00 \u2013 Apel MaryjnyDni powszednie:6.00 \u2013 Jutrznia 7:00 \u2013 Msza \u015awi\u0119ta 8:00 \u2013 &#8230; <span class=\"more\"><a class=\"more-link\" href=\"https:\/\/nspjbiadoliny.pl\/?page_id=2331\">[Czytaj wi\u0119cej&#8230;]<\/a><\/span><\/p>\n","protected":false},"author":1,"featured_media":0,"parent":0,"menu_order":0,"comment_status":"closed","ping_status":"closed","template":"","meta":{"_exactmetrics_skip_tracking":false,"_exactmetrics_sitenote_active":false,"_exactmetrics_sitenote_note":"","_exactmetrics_sitenote_category":0,"ngg_post_thumbnail":0,"footnotes":""},"class_list":["entry","page","publish","author-admin","post-2331"],"_links":{"self":[{"href":"https:\/\/nspjbiadoliny.pl\/index.php?rest_route=\/wp\/v2\/pages\/2331","targetHints":{"allow":["GET"]}}],"collection":[{"href":"https:\/\/nspjbiadoliny.pl\/index.php?rest_route=\/wp\/v2\/pages"}],"about":[{"href":"https:\/\/nspjbiadoliny.pl\/index.php?rest_route=\/wp\/v2\/types\/page"}],"author":[{"embeddable":true,"href":"https:\/\/nspjbiadoliny.pl\/index.php?rest_route=\/wp\/v2\/users\/1"}],"replies":[{"embeddable":true,"href":"https:\/\/nspjbiadoliny.pl\/index.php?rest_route=%2Fwp%2Fv2%2Fcomments&post=2331"}],"version-history":[{"count":31,"href":"https:\/\/nspjbiadoliny.pl\/index.php?rest_route=\/wp\/v2\/pages\/2331\/revisions"}],"predecessor-version":[{"id":2449,"href":"https:\/\/nspjbiadoliny.pl\/index.php?rest_route=\/wp\/v2\/pages\/2331\/revisions\/2449"}],"wp:attachment":[{"href":"https:\/\/nspjbiadoliny.pl\/index.php?rest_route=%2Fwp%2Fv2%2Fmedia&parent=2331"}],"curies":[{"name":"wp","href":"https:\/\/api.w.org\/{rel}","templated":true}]}}